{"id":10,"date":"2021-01-04T16:48:42","date_gmt":"2021-01-04T16:48:42","guid":{"rendered":"https:\/\/doismilevinteum.envolvelabs.com\/?page_id=10"},"modified":"2021-02-18T11:12:54","modified_gmt":"2021-02-18T14:12:54","slug":"sobre","status":"publish","type":"page","link":"https:\/\/envolvelabs.com\/en\/sobre\/","title":{"rendered":"Sobre"},"content":{"rendered":"<h1 class=\"has-text-align-left wp-block-heading\">Saiba mais sobre <br>nossa trajet\u00f3ria<\/h1>","protected":false},"excerpt":{"rendered":"<p>Saiba mais sobre nossa trajet\u00f3ria<\/p>","protected":false},"author":1,"featured_media":0,"parent":0,"menu_order":0,"comment_status":"closed","ping_status":"closed","template":"page-about.php","meta":{"_acf_changed":false,"footnotes":""},"class_list":["post-10","page","type-page","status-publish","hentry"],"acf":[],"aioseo_notices":[],"yoast_head":"<!-- This site is optimized with the Yoast SEO plugin v27.5 - https:\/\/yoast.com\/product\/yoast-seo-wordpress\/ -->\n<title>Sobre - Envolve Labs<\/title>\n<meta name=\"robots\" content=\"index, follow, max-snippet:-1, max-image-preview:large, max-video-preview:-1\" \/>\n<link rel=\"canonical\" href=\"https:\/\/envolvelabs.com\/en\/sobre\/\" \/>\n<meta property=\"og:locale\" content=\"en_US\" \/>\n<meta property=\"og:type\" content=\"article\" \/>\n<meta property=\"og:title\" content=\"Sobre - Envolve Labs\" \/>\n<meta property=\"og:description\" content=\"Saiba mais sobre nossa trajet\u00f3ria\" \/>\n<meta property=\"og:url\" content=\"https:\/\/envolvelabs.com\/en\/sobre\/\" \/>\n<meta property=\"og:site_name\" content=\"Envolve Labs\" \/>\n<meta property=\"article:modified_time\" content=\"2021-02-18T14:12:54+00:00\" \/>\n<meta name=\"twitter:card\" content=\"summary_large_image\" \/>\n<script type=\"application\/ld+json\" class=\"yoast-schema-graph\">{\"@context\":\"https:\\\/\\\/schema.org\",\"@graph\":[{\"@type\":\"WebPage\",\"@id\":\"https:\\\/\\\/envolvelabs.com\\\/sobre\\\/\",\"url\":\"https:\\\/\\\/envolvelabs.com\\\/sobre\\\/\",\"name\":\"Sobre - Envolve Labs\",\"isPartOf\":{\"@id\":\"https:\\\/\\\/envolvelabs.com\\\/#website\"},\"datePublished\":\"2021-01-04T16:48:42+00:00\",\"dateModified\":\"2021-02-18T14:12:54+00:00\",\"breadcrumb\":{\"@id\":\"https:\\\/\\\/envolvelabs.com\\\/sobre\\\/#breadcrumb\"},\"inLanguage\":\"en-US\",\"potentialAction\":[{\"@type\":\"ReadAction\",\"target\":[\"https:\\\/\\\/envolvelabs.com\\\/sobre\\\/\"]}]},{\"@type\":\"BreadcrumbList\",\"@id\":\"https:\\\/\\\/envolvelabs.com\\\/sobre\\\/#breadcrumb\",\"itemListElement\":[{\"@type\":\"ListItem\",\"position\":1,\"name\":\"In\u00edcio\",\"item\":\"https:\\\/\\\/envolvelabs.com\\\/\"},{\"@type\":\"ListItem\",\"position\":2,\"name\":\"Sobre\"}]},{\"@type\":\"WebSite\",\"@id\":\"https:\\\/\\\/envolvelabs.com\\\/#website\",\"url\":\"https:\\\/\\\/envolvelabs.com\\\/\",\"name\":\"Envolve Labs\",\"description\":\"Desenvolvimento de sistemas, aplicativos e websites em Joinville\",\"publisher\":{\"@id\":\"https:\\\/\\\/envolvelabs.com\\\/#organization\"},\"potentialAction\":[{\"@type\":\"SearchAction\",\"target\":{\"@type\":\"EntryPoint\",\"urlTemplate\":\"https:\\\/\\\/envolvelabs.com\\\/?s={search_term_string}\"},\"query-input\":{\"@type\":\"PropertyValueSpecification\",\"valueRequired\":true,\"valueName\":\"search_term_string\"}}],\"inLanguage\":\"en-US\"},{\"@type\":\"Organization\",\"@id\":\"https:\\\/\\\/envolvelabs.com\\\/#organization\",\"name\":\"Envolve Labs - Desenvolvimento de software\",\"url\":\"https:\\\/\\\/envolvelabs.com\\\/\",\"logo\":{\"@type\":\"ImageObject\",\"inLanguage\":\"en-US\",\"@id\":\"https:\\\/\\\/envolvelabs.com\\\/#\\\/schema\\\/logo\\\/image\\\/\",\"url\":\"https:\\\/\\\/envolvelabs.com\\\/wp-content\\\/uploads\\\/2021\\\/01\\\/envolvelabs-desenvolvimento-produtos-digitais-websites-wordpress.png\",\"contentUrl\":\"https:\\\/\\\/envolvelabs.com\\\/wp-content\\\/uploads\\\/2021\\\/01\\\/envolvelabs-desenvolvimento-produtos-digitais-websites-wordpress.png\",\"width\":452,\"height\":68,\"caption\":\"Envolve Labs - Desenvolvimento de software\"},\"image\":{\"@id\":\"https:\\\/\\\/envolvelabs.com\\\/#\\\/schema\\\/logo\\\/image\\\/\"}}]}<\/script>\n<!-- \/ Yoast SEO plugin. -->","yoast_head_json":{"title":"Sobre - Envolve Labs","robots":{"index":"index","follow":"follow","max-snippet":"max-snippet:-1","max-image-preview":"max-image-preview:large","max-video-preview":"max-video-preview:-1"},"canonical":"https:\/\/envolvelabs.com\/en\/sobre\/","og_locale":"en_US","og_type":"article","og_title":"Sobre - Envolve Labs","og_description":"Saiba mais sobre nossa trajet\u00f3ria","og_url":"https:\/\/envolvelabs.com\/en\/sobre\/","og_site_name":"Envolve Labs","article_modified_time":"2021-02-18T14:12:54+00:00","twitter_card":"summary_large_image","schema":{"@context":"https:\/\/schema.org","@graph":[{"@type":"WebPage","@id":"https:\/\/envolvelabs.com\/sobre\/","url":"https:\/\/envolvelabs.com\/sobre\/","name":"Sobre - Envolve Labs","isPartOf":{"@id":"https:\/\/envolvelabs.com\/#website"},"datePublished":"2021-01-04T16:48:42+00:00","dateModified":"2021-02-18T14:12:54+00:00","breadcrumb":{"@id":"https:\/\/envolvelabs.com\/sobre\/#breadcrumb"},"inLanguage":"en-US","potentialAction":[{"@type":"ReadAction","target":["https:\/\/envolvelabs.com\/sobre\/"]}]},{"@type":"BreadcrumbList","@id":"https:\/\/envolvelabs.com\/sobre\/#breadcrumb","itemListElement":[{"@type":"ListItem","position":1,"name":"In\u00edcio","item":"https:\/\/envolvelabs.com\/"},{"@type":"ListItem","position":2,"name":"Sobre"}]},{"@type":"WebSite","@id":"https:\/\/envolvelabs.com\/#website","url":"https:\/\/envolvelabs.com\/","name":"Envolve Labs","description":"Desenvolvimento de sistemas, aplicativos e websites em Joinville","publisher":{"@id":"https:\/\/envolvelabs.com\/#organization"},"potentialAction":[{"@type":"SearchAction","target":{"@type":"EntryPoint","urlTemplate":"https:\/\/envolvelabs.com\/?s={search_term_string}"},"query-input":{"@type":"PropertyValueSpecification","valueRequired":true,"valueName":"search_term_string"}}],"inLanguage":"en-US"},{"@type":"Organization","@id":"https:\/\/envolvelabs.com\/#organization","name":"Envolve Labs - Desenvolvimento de software","url":"https:\/\/envolvelabs.com\/","logo":{"@type":"ImageObject","inLanguage":"en-US","@id":"https:\/\/envolvelabs.com\/#\/schema\/logo\/image\/","url":"https:\/\/envolvelabs.com\/wp-content\/uploads\/2021\/01\/envolvelabs-desenvolvimento-produtos-digitais-websites-wordpress.png","contentUrl":"https:\/\/envolvelabs.com\/wp-content\/uploads\/2021\/01\/envolvelabs-desenvolvimento-produtos-digitais-websites-wordpress.png","width":452,"height":68,"caption":"Envolve Labs - Desenvolvimento de software"},"image":{"@id":"https:\/\/envolvelabs.com\/#\/schema\/logo\/image\/"}}]}},"jetpack-related-posts":[{"id":2,"url":"https:\/\/envolvelabs.com\/en\/","url_meta":{"origin":10,"position":0},"title":"Home","author":"admin","date":"January 4, 2021","format":false,"excerpt":"Melhores pr\u00e1ticas de desenvolvimento, otimizando investimentos, entregando melhores resultados. Economize at\u00e9 60% nos seus projetos de desenvolvimento de software. Contrate agora Saiba mais","rel":"","context":"","block_context":{"text":"Similar post","link":""},"img":{"alt_text":"","src":"","width":0,"height":0},"classes":[]},{"id":38,"url":"https:\/\/envolvelabs.com\/en\/o-que-fazemos\/","url_meta":{"origin":10,"position":1},"title":"O que fazemos","author":"admin","date":"January 4, 2021","format":false,"excerpt":"Conhe\u00e7a nossos servi\u00e7os Queremos que voc\u00ea tenha liberdade para entregar valor ao seu cliente independente do tipo de solu\u00e7\u00e3o.\u00a0Selecione o tipo de projeto e saiba mais.","rel":"","context":"","block_context":{"text":"Similar post","link":""},"img":{"alt_text":"","src":"","width":0,"height":0},"classes":[]},{"id":3,"url":"https:\/\/envolvelabs.com\/en\/politica-privacidade\/","url_meta":{"origin":10,"position":2},"title":"Pol\u00edtica de privacidade","author":"admin","date":"January 4, 2021","format":false,"excerpt":"Quem somos O endere\u00e7o do nosso site \u00e9: https:\/\/envolvelabs.com. Quais dados pessoais coletamos e porque Coment\u00e1rios Quando os visitantes deixam coment\u00e1rios no site, coletamos os dados mostrados no formul\u00e1rio de coment\u00e1rios, al\u00e9m do endere\u00e7o de IP e de dados do navegador do visitante, para auxiliar na detec\u00e7\u00e3o de spam. Uma\u2026","rel":"","context":"","block_context":{"text":"Similar post","link":""},"img":{"alt_text":"","src":"","width":0,"height":0},"classes":[]},{"id":1320,"url":"https:\/\/envolvelabs.com\/en\/clubinho-dos-bes\/politica-de-privacidade\/","url_meta":{"origin":10,"position":3},"title":"Pol\u00edtica de privacidade","author":"Darvin Silveira","date":"September 16, 2021","format":false,"excerpt":"Criamos nossos aplicativos infantis de maneira a respeitar a privacidade, identidade e seguran\u00e7a das crian\u00e7as. Por isso, limitamos a coleta de informa\u00e7\u00f5es de uso de nossos aplicativos. A Envolve Labs se compromete a resguardar e preservar o respeito que tem para com seus usu\u00e1rios e visitantes. Quaisquer altera\u00e7\u00f5es em nossas\u2026","rel":"","context":"","block_context":{"text":"Similar post","link":""},"img":{"alt_text":"","src":"","width":0,"height":0},"classes":[]},{"id":1319,"url":"https:\/\/envolvelabs.com\/en\/clubinho-dos-bes\/termos-de-uso\/","url_meta":{"origin":10,"position":4},"title":"Termos de uso","author":"Darvin Silveira","date":"September 16, 2021","format":false,"excerpt":"Por favor leia os Termos de Uso atentamente antes de usar o Envolve Labs App (\"Servi\u00e7o\") gerenciado por Envolve Labs Solu\u00e7\u00f5es Digitais Ltda. (\"Envolve Labs\"). O uso e acesso ao app implicam a sua aceita\u00e7\u00e3o dos termos de uso e concord\u00e2ncia com os mesmos. A n\u00e3o aceita\u00e7\u00e3o ou viola\u00e7\u00e3o dos\u2026","rel":"","context":"","block_context":{"text":"Similar post","link":""},"img":{"alt_text":"","src":"","width":0,"height":0},"classes":[]}],"jetpack_sharing_enabled":true,"_links":{"self":[{"href":"https:\/\/envolvelabs.com\/en\/wp-json\/wp\/v2\/pages\/10","targetHints":{"allow":["GET"]}}],"collection":[{"href":"https:\/\/envolvelabs.com\/en\/wp-json\/wp\/v2\/pages"}],"about":[{"href":"https:\/\/envolvelabs.com\/en\/wp-json\/wp\/v2\/types\/page"}],"author":[{"embeddable":true,"href":"https:\/\/envolvelabs.com\/en\/wp-json\/wp\/v2\/users\/1"}],"replies":[{"embeddable":true,"href":"https:\/\/envolvelabs.com\/en\/wp-json\/wp\/v2\/comments?post=10"}],"version-history":[{"count":0,"href":"https:\/\/envolvelabs.com\/en\/wp-json\/wp\/v2\/pages\/10\/revisions"}],"wp:attachment":[{"href":"https:\/\/envolvelabs.com\/en\/wp-json\/wp\/v2\/media?parent=10"}],"curies":[{"name":"wp","href":"https:\/\/api.w.org\/{rel}","templated":true}]}}