{"id":198,"date":"2021-01-18T13:51:06","date_gmt":"2021-01-18T16:51:06","guid":{"rendered":"https:\/\/doismilevinteum.envolvelabs.com\/?page_id=198"},"modified":"2021-03-25T08:25:37","modified_gmt":"2021-03-25T11:25:37","slug":"lojas-virtuais-e-catalogos-online","status":"publish","type":"page","link":"https:\/\/envolvelabs.com\/en\/o-que-fazemos\/lojas-virtuais-e-catalogos-online\/","title":{"rendered":"Lojas virtuais e sites de cat\u00e1logo online"},"content":{"rendered":"<h1 class=\"wp-block-heading\">Construa sua loja virtual e aumente seu faturamento<\/h1>\n\n\n\n<p>Entregamos lojas virtuais ou sites de cat\u00e1logo online utilizando moderna infraestrutura e tecnologias, visando o m\u00e1ximo de performance e seguran\u00e7a para que voc\u00ea ganhe mais visibilidade de seu portf\u00f3lio de servi\u00e7os e produtos e aumente seu faturamento.<\/p>\n\n\n\n<div class=\"wp-block-buttons is-layout-flex wp-block-buttons-is-layout-flex\">\n<div class=\"wp-block-button is-style-outline is-style-outline--1\"><a class=\"wp-block-button__link has-text-color no-border-radius\" href=\"https:\/\/api.whatsapp.com\/send?phone=5547991383166&amp;text=Ol%C3%A1%2C%20estou%20entrando%20em%20contato%20pelo%20site.\" style=\"color:#f2e131\" target=\"_blank\" rel=\"noopener\">Contrate agora<\/a><\/div>\n<\/div>","protected":false},"excerpt":{"rendered":"<p>Construa sua loja virtual e aumente seu faturamento Entregamos lojas virtuais ou sites de cat\u00e1logo online utilizando moderna infraestrutura e tecnologias, visando o m\u00e1ximo de performance e seguran\u00e7a para que voc\u00ea ganhe mais visibilidade de seu portf\u00f3lio de servi\u00e7os e produtos e aumente seu faturamento.<\/p>","protected":false},"author":1,"featured_media":696,"parent":38,"menu_order":2,"comment_status":"closed","ping_status":"closed","template":"page-services-single.php","meta":{"_acf_changed":false,"footnotes":""},"class_list":["post-198","page","type-page","status-publish","has-post-thumbnail","hentry"],"acf":[],"aioseo_notices":[],"yoast_head":"<!-- This site is optimized with the Yoast SEO plugin v27.5 - https:\/\/yoast.com\/product\/yoast-seo-wordpress\/ -->\n<title>Lojas virtuais e sites de cat\u00e1logo online - Envolve Labs<\/title>\n<meta name=\"robots\" content=\"index, follow, max-snippet:-1, max-image-preview:large, max-video-preview:-1\" \/>\n<link rel=\"canonical\" href=\"https:\/\/envolvelabs.com\/en\/o-que-fazemos\/lojas-virtuais-e-catalogos-online\/\" \/>\n<meta property=\"og:locale\" content=\"en_US\" \/>\n<meta property=\"og:type\" content=\"article\" \/>\n<meta property=\"og:title\" content=\"Lojas virtuais e sites de cat\u00e1logo online - Envolve Labs\" \/>\n<meta property=\"og:description\" content=\"Construa sua loja virtual e aumente seu faturamento Entregamos lojas virtuais ou sites de cat\u00e1logo online utilizando moderna infraestrutura e tecnologias, visando o m\u00e1ximo de performance e seguran\u00e7a para que voc\u00ea ganhe mais visibilidade de seu portf\u00f3lio de servi\u00e7os e produtos e aumente seu faturamento.\" \/>\n<meta property=\"og:url\" content=\"https:\/\/envolvelabs.com\/en\/o-que-fazemos\/lojas-virtuais-e-catalogos-online\/\" \/>\n<meta property=\"og:site_name\" content=\"Envolve Labs\" \/>\n<meta property=\"article:modified_time\" content=\"2021-03-25T11:25:37+00:00\" \/>\n<meta property=\"og:image\" content=\"https:\/\/envolvelabs.com\/wp-content\/uploads\/2021\/02\/desenvolvimento-de-loja-virtual-ecommerce.png\" \/>\n\t<meta property=\"og:image:width\" content=\"1532\" \/>\n\t<meta property=\"og:image:height\" content=\"919\" \/>\n\t<meta property=\"og:image:type\" content=\"image\/png\" \/>\n<meta name=\"twitter:card\" content=\"summary_large_image\" \/>\n<meta name=\"twitter:label1\" content=\"Est. reading time\" \/>\n\t<meta name=\"twitter:data1\" content=\"1 minute\" \/>\n<script type=\"application\/ld+json\" class=\"yoast-schema-graph\">{\"@context\":\"https:\\\/\\\/schema.org\",\"@graph\":[{\"@type\":\"WebPage\",\"@id\":\"https:\\\/\\\/envolvelabs.com\\\/o-que-fazemos\\\/lojas-virtuais-e-catalogos-online\\\/\",\"url\":\"https:\\\/\\\/envolvelabs.com\\\/o-que-fazemos\\\/lojas-virtuais-e-catalogos-online\\\/\",\"name\":\"Lojas virtuais e sites de cat\u00e1logo online - Envolve Labs\",\"isPartOf\":{\"@id\":\"https:\\\/\\\/envolvelabs.com\\\/#website\"},\"primaryImageOfPage\":{\"@id\":\"https:\\\/\\\/envolvelabs.com\\\/o-que-fazemos\\\/lojas-virtuais-e-catalogos-online\\\/#primaryimage\"},\"image\":{\"@id\":\"https:\\\/\\\/envolvelabs.com\\\/o-que-fazemos\\\/lojas-virtuais-e-catalogos-online\\\/#primaryimage\"},\"thumbnailUrl\":\"https:\\\/\\\/envolvelabs.com\\\/wp-content\\\/uploads\\\/2021\\\/02\\\/desenvolvimento-de-loja-virtual-ecommerce.png\",\"datePublished\":\"2021-01-18T16:51:06+00:00\",\"dateModified\":\"2021-03-25T11:25:37+00:00\",\"breadcrumb\":{\"@id\":\"https:\\\/\\\/envolvelabs.com\\\/o-que-fazemos\\\/lojas-virtuais-e-catalogos-online\\\/#breadcrumb\"},\"inLanguage\":\"en-US\",\"potentialAction\":[{\"@type\":\"ReadAction\",\"target\":[\"https:\\\/\\\/envolvelabs.com\\\/o-que-fazemos\\\/lojas-virtuais-e-catalogos-online\\\/\"]}]},{\"@type\":\"ImageObject\",\"inLanguage\":\"en-US\",\"@id\":\"https:\\\/\\\/envolvelabs.com\\\/o-que-fazemos\\\/lojas-virtuais-e-catalogos-online\\\/#primaryimage\",\"url\":\"https:\\\/\\\/envolvelabs.com\\\/wp-content\\\/uploads\\\/2021\\\/02\\\/desenvolvimento-de-loja-virtual-ecommerce.png\",\"contentUrl\":\"https:\\\/\\\/envolvelabs.com\\\/wp-content\\\/uploads\\\/2021\\\/02\\\/desenvolvimento-de-loja-virtual-ecommerce.png\",\"width\":1532,\"height\":919},{\"@type\":\"BreadcrumbList\",\"@id\":\"https:\\\/\\\/envolvelabs.com\\\/o-que-fazemos\\\/lojas-virtuais-e-catalogos-online\\\/#breadcrumb\",\"itemListElement\":[{\"@type\":\"ListItem\",\"position\":1,\"name\":\"In\u00edcio\",\"item\":\"https:\\\/\\\/envolvelabs.com\\\/\"},{\"@type\":\"ListItem\",\"position\":2,\"name\":\"O que fazemos\",\"item\":\"https:\\\/\\\/envolvelabs.com\\\/o-que-fazemos\\\/\"},{\"@type\":\"ListItem\",\"position\":3,\"name\":\"Lojas virtuais e sites de cat\u00e1logo online\"}]},{\"@type\":\"WebSite\",\"@id\":\"https:\\\/\\\/envolvelabs.com\\\/#website\",\"url\":\"https:\\\/\\\/envolvelabs.com\\\/\",\"name\":\"Envolve Labs\",\"description\":\"Desenvolvimento de sistemas, aplicativos e websites em Joinville\",\"publisher\":{\"@id\":\"https:\\\/\\\/envolvelabs.com\\\/#organization\"},\"potentialAction\":[{\"@type\":\"SearchAction\",\"target\":{\"@type\":\"EntryPoint\",\"urlTemplate\":\"https:\\\/\\\/envolvelabs.com\\\/?s={search_term_string}\"},\"query-input\":{\"@type\":\"PropertyValueSpecification\",\"valueRequired\":true,\"valueName\":\"search_term_string\"}}],\"inLanguage\":\"en-US\"},{\"@type\":\"Organization\",\"@id\":\"https:\\\/\\\/envolvelabs.com\\\/#organization\",\"name\":\"Envolve Labs - Desenvolvimento de software\",\"url\":\"https:\\\/\\\/envolvelabs.com\\\/\",\"logo\":{\"@type\":\"ImageObject\",\"inLanguage\":\"en-US\",\"@id\":\"https:\\\/\\\/envolvelabs.com\\\/#\\\/schema\\\/logo\\\/image\\\/\",\"url\":\"https:\\\/\\\/envolvelabs.com\\\/wp-content\\\/uploads\\\/2021\\\/01\\\/envolvelabs-desenvolvimento-produtos-digitais-websites-wordpress.png\",\"contentUrl\":\"https:\\\/\\\/envolvelabs.com\\\/wp-content\\\/uploads\\\/2021\\\/01\\\/envolvelabs-desenvolvimento-produtos-digitais-websites-wordpress.png\",\"width\":452,\"height\":68,\"caption\":\"Envolve Labs - Desenvolvimento de software\"},\"image\":{\"@id\":\"https:\\\/\\\/envolvelabs.com\\\/#\\\/schema\\\/logo\\\/image\\\/\"}}]}<\/script>\n<!-- \/ Yoast SEO plugin. -->","yoast_head_json":{"title":"Lojas virtuais e sites de cat\u00e1logo online - Envolve Labs","robots":{"index":"index","follow":"follow","max-snippet":"max-snippet:-1","max-image-preview":"max-image-preview:large","max-video-preview":"max-video-preview:-1"},"canonical":"https:\/\/envolvelabs.com\/en\/o-que-fazemos\/lojas-virtuais-e-catalogos-online\/","og_locale":"en_US","og_type":"article","og_title":"Lojas virtuais e sites de cat\u00e1logo online - Envolve Labs","og_description":"Construa sua loja virtual e aumente seu faturamento Entregamos lojas virtuais ou sites de cat\u00e1logo online utilizando moderna infraestrutura e tecnologias, visando o m\u00e1ximo de performance e seguran\u00e7a para que voc\u00ea ganhe mais visibilidade de seu portf\u00f3lio de servi\u00e7os e produtos e aumente seu faturamento.","og_url":"https:\/\/envolvelabs.com\/en\/o-que-fazemos\/lojas-virtuais-e-catalogos-online\/","og_site_name":"Envolve Labs","article_modified_time":"2021-03-25T11:25:37+00:00","og_image":[{"width":1532,"height":919,"url":"https:\/\/envolvelabs.com\/wp-content\/uploads\/2021\/02\/desenvolvimento-de-loja-virtual-ecommerce.png","type":"image\/png"}],"twitter_card":"summary_large_image","twitter_misc":{"Est. reading time":"1 minute"},"schema":{"@context":"https:\/\/schema.org","@graph":[{"@type":"WebPage","@id":"https:\/\/envolvelabs.com\/o-que-fazemos\/lojas-virtuais-e-catalogos-online\/","url":"https:\/\/envolvelabs.com\/o-que-fazemos\/lojas-virtuais-e-catalogos-online\/","name":"Lojas virtuais e sites de cat\u00e1logo online - Envolve Labs","isPartOf":{"@id":"https:\/\/envolvelabs.com\/#website"},"primaryImageOfPage":{"@id":"https:\/\/envolvelabs.com\/o-que-fazemos\/lojas-virtuais-e-catalogos-online\/#primaryimage"},"image":{"@id":"https:\/\/envolvelabs.com\/o-que-fazemos\/lojas-virtuais-e-catalogos-online\/#primaryimage"},"thumbnailUrl":"https:\/\/envolvelabs.com\/wp-content\/uploads\/2021\/02\/desenvolvimento-de-loja-virtual-ecommerce.png","datePublished":"2021-01-18T16:51:06+00:00","dateModified":"2021-03-25T11:25:37+00:00","breadcrumb":{"@id":"https:\/\/envolvelabs.com\/o-que-fazemos\/lojas-virtuais-e-catalogos-online\/#breadcrumb"},"inLanguage":"en-US","potentialAction":[{"@type":"ReadAction","target":["https:\/\/envolvelabs.com\/o-que-fazemos\/lojas-virtuais-e-catalogos-online\/"]}]},{"@type":"ImageObject","inLanguage":"en-US","@id":"https:\/\/envolvelabs.com\/o-que-fazemos\/lojas-virtuais-e-catalogos-online\/#primaryimage","url":"https:\/\/envolvelabs.com\/wp-content\/uploads\/2021\/02\/desenvolvimento-de-loja-virtual-ecommerce.png","contentUrl":"https:\/\/envolvelabs.com\/wp-content\/uploads\/2021\/02\/desenvolvimento-de-loja-virtual-ecommerce.png","width":1532,"height":919},{"@type":"BreadcrumbList","@id":"https:\/\/envolvelabs.com\/o-que-fazemos\/lojas-virtuais-e-catalogos-online\/#breadcrumb","itemListElement":[{"@type":"ListItem","position":1,"name":"In\u00edcio","item":"https:\/\/envolvelabs.com\/"},{"@type":"ListItem","position":2,"name":"O que fazemos","item":"https:\/\/envolvelabs.com\/o-que-fazemos\/"},{"@type":"ListItem","position":3,"name":"Lojas virtuais e sites de cat\u00e1logo online"}]},{"@type":"WebSite","@id":"https:\/\/envolvelabs.com\/#website","url":"https:\/\/envolvelabs.com\/","name":"Envolve Labs","description":"Desenvolvimento de sistemas, aplicativos e websites em Joinville","publisher":{"@id":"https:\/\/envolvelabs.com\/#organization"},"potentialAction":[{"@type":"SearchAction","target":{"@type":"EntryPoint","urlTemplate":"https:\/\/envolvelabs.com\/?s={search_term_string}"},"query-input":{"@type":"PropertyValueSpecification","valueRequired":true,"valueName":"search_term_string"}}],"inLanguage":"en-US"},{"@type":"Organization","@id":"https:\/\/envolvelabs.com\/#organization","name":"Envolve Labs - Desenvolvimento de software","url":"https:\/\/envolvelabs.com\/","logo":{"@type":"ImageObject","inLanguage":"en-US","@id":"https:\/\/envolvelabs.com\/#\/schema\/logo\/image\/","url":"https:\/\/envolvelabs.com\/wp-content\/uploads\/2021\/01\/envolvelabs-desenvolvimento-produtos-digitais-websites-wordpress.png","contentUrl":"https:\/\/envolvelabs.com\/wp-content\/uploads\/2021\/01\/envolvelabs-desenvolvimento-produtos-digitais-websites-wordpress.png","width":452,"height":68,"caption":"Envolve Labs - Desenvolvimento de software"},"image":{"@id":"https:\/\/envolvelabs.com\/#\/schema\/logo\/image\/"}}]}},"jetpack-related-posts":[{"id":1674,"url":"https:\/\/envolvelabs.com\/en\/interativos-3d\/","url_meta":{"origin":198,"position":0},"title":"Interativos 3D","author":"Darvin Silveira","date":"January 20, 2022","format":false,"excerpt":"Entregue uma experi\u00eancia \u00fanica ao seu cliente, gerando mais engajamento e neg\u00f3cios atrav\u00e9s das experi\u00eancias em 3DCriamos uma experi\u00eancia virtual interativa, que surpreende e promove um contato quase realista das pessoas com o que voc\u00ea quiser. Quero conhecer POTENCIALIZE A RELA\u00c7\u00c3OCLIENTE-EMPRESAAnunciado em 2021, o metaverso se tornar\u00e1 a nova experi\u00eancia\u2026","rel":"","context":"","block_context":{"text":"Similar post","link":""},"img":{"alt_text":"","src":"https:\/\/i0.wp.com\/envolvelabs.com\/wp-content\/uploads\/2022\/01\/logo-envolve-1.png?resize=786%2C245&ssl=1","width":786,"height":245},"classes":[]},{"id":5128,"url":"https:\/\/envolvelabs.com\/en\/loja\/","url_meta":{"origin":198,"position":1},"title":"Loja","author":"admin","date":"June 21, 2024","format":false,"excerpt":"","rel":"","context":"","block_context":{"text":"Similar post","link":""},"img":{"alt_text":"","src":"","width":0,"height":0},"classes":[]},{"id":5129,"url":"https:\/\/envolvelabs.com\/en\/carrinho\/","url_meta":{"origin":198,"position":2},"title":"Carrinho","author":"admin","date":"June 21, 2024","format":false,"excerpt":"You may be interested in\u2026 Seu carrinho est\u00e1 vazio no momento! Novo na loja","rel":"","context":"","block_context":{"text":"Similar post","link":""},"img":{"alt_text":"","src":"","width":0,"height":0},"classes":[]},{"id":40,"url":"https:\/\/envolvelabs.com\/en\/o-que-fazemos\/desenvolvimento-de-experiencias-em-3d\/","url_meta":{"origin":198,"position":3},"title":"Desenvolvimento de experi\u00eancias em 3D","author":"admin","date":"January 4, 2021","format":false,"excerpt":"Desenvolvimento de experi\u00eancias em 3D Entregue novas experi\u00eancias para o seu p\u00fablico utilizando aplica\u00e7\u00f5es ou sites com recursos e efeitos em 3D. Desde experi\u00eancias completas como games corporativos, at\u00e9 galerias e simuladores online, as possibilidades s\u00e3o muitas podendo levar aos seus clientes a imers\u00e3o que faltava para para o seu\u2026","rel":"","context":"","block_context":{"text":"Similar post","link":""},"img":{"alt_text":"","src":"https:\/\/i0.wp.com\/envolvelabs.com\/wp-content\/uploads\/2021\/02\/desenvolvimento-games-e-solucoes-em-3d.png?resize=786%2C245&ssl=1","width":786,"height":245,"srcset":"https:\/\/i0.wp.com\/envolvelabs.com\/wp-content\/uploads\/2021\/02\/desenvolvimento-games-e-solucoes-em-3d.png?resize=786%2C245&ssl=1 1x, https:\/\/i0.wp.com\/envolvelabs.com\/wp-content\/uploads\/2021\/02\/desenvolvimento-games-e-solucoes-em-3d.png?resize=1179%2C367&ssl=1 1.5x"},"classes":[]},{"id":3,"url":"https:\/\/envolvelabs.com\/en\/politica-privacidade\/","url_meta":{"origin":198,"position":4},"title":"Pol\u00edtica de privacidade","author":"admin","date":"January 4, 2021","format":false,"excerpt":"Quem somos O endere\u00e7o do nosso site \u00e9: https:\/\/envolvelabs.com. Quais dados pessoais coletamos e porque Coment\u00e1rios Quando os visitantes deixam coment\u00e1rios no site, coletamos os dados mostrados no formul\u00e1rio de coment\u00e1rios, al\u00e9m do endere\u00e7o de IP e de dados do navegador do visitante, para auxiliar na detec\u00e7\u00e3o de spam. Uma\u2026","rel":"","context":"","block_context":{"text":"Similar post","link":""},"img":{"alt_text":"","src":"","width":0,"height":0},"classes":[]},{"id":891,"url":"https:\/\/envolvelabs.com\/en\/obrigado-pelo-contato\/","url_meta":{"origin":198,"position":5},"title":"Obrigado pelo contato","author":"Darvin Silveira","date":"February 22, 2021","format":false,"excerpt":"Obrigado pelo contato Agradecemos muito seu contato, nossa equipe entrar\u00e1 em contato com voc\u00ea o mais breve poss\u00edvel. Clique aqui para voltar para ao site.","rel":"","context":"","block_context":{"text":"Similar post","link":""},"img":{"alt_text":"","src":"","width":0,"height":0},"classes":[]}],"jetpack_sharing_enabled":true,"_links":{"self":[{"href":"https:\/\/envolvelabs.com\/en\/wp-json\/wp\/v2\/pages\/198","targetHints":{"allow":["GET"]}}],"collection":[{"href":"https:\/\/envolvelabs.com\/en\/wp-json\/wp\/v2\/pages"}],"about":[{"href":"https:\/\/envolvelabs.com\/en\/wp-json\/wp\/v2\/types\/page"}],"author":[{"embeddable":true,"href":"https:\/\/envolvelabs.com\/en\/wp-json\/wp\/v2\/users\/1"}],"replies":[{"embeddable":true,"href":"https:\/\/envolvelabs.com\/en\/wp-json\/wp\/v2\/comments?post=198"}],"version-history":[{"count":0,"href":"https:\/\/envolvelabs.com\/en\/wp-json\/wp\/v2\/pages\/198\/revisions"}],"up":[{"embeddable":true,"href":"https:\/\/envolvelabs.com\/en\/wp-json\/wp\/v2\/pages\/38"}],"wp:featuredmedia":[{"embeddable":true,"href":"https:\/\/envolvelabs.com\/en\/wp-json\/wp\/v2\/media\/696"}],"wp:attachment":[{"href":"https:\/\/envolvelabs.com\/en\/wp-json\/wp\/v2\/media?parent=198"}],"curies":[{"name":"wp","href":"https:\/\/api.w.org\/{rel}","templated":true}]}}