{"id":563,"date":"2021-02-08T09:16:16","date_gmt":"2021-02-08T12:16:16","guid":{"rendered":"https:\/\/doismilevinteum.envolvelabs.com\/?page_id=563"},"modified":"2021-02-19T10:50:06","modified_gmt":"2021-02-19T13:50:06","slug":"the-office-game","status":"publish","type":"page","link":"https:\/\/envolvelabs.com\/en\/the-office-game\/","title":{"rendered":"The Office Game"},"content":{"rendered":"<p>Neste game voc\u00ea poder\u00e1 conhecer nosso espa\u00e7o em uma r\u00e9plica 3D e interagir com a gente. Escondemos tamb\u00e9m alguns segredos no cen\u00e1rio, ser\u00e1 que voc\u00ea descobre quais s\u00e3o?<\/p>\n\n\n\n<div class=\"wp-block-buttons is-layout-flex wp-block-buttons-is-layout-flex\">\n<div id=\"https:\/\/envolvelabs.com\/sobre\/\" class=\"wp-block-button is-style-outline is-style-outline--1\"><a class=\"wp-block-button__link has-white-color has-text-color no-border-radius\">Voltar para o site<\/a><\/div>\n<\/div>\n\n\n\n<div class=\"wp-block-group attention-mac\"><div class=\"wp-block-group__inner-container is-layout-flow wp-block-group-is-layout-flow\">\n<h2 class=\"wp-block-heading\">Aten\u00e7\u00e3o usu\u00e1rios de Mac<\/h2>\n\n\n\n<p>Na vers\u00e3o mais recente do sistema operacional (Big Sur), existe um bug que impede a Unity de executar no Chrome, este bug \u00e9 restrito a esta combina\u00e7\u00e3o, portanto voc\u00ea pode jogar no Safari ou Firefox sem problemas. Este bug j\u00e1 \u00e9 de conhecimento da Unity e Apple e est\u00e1 em corre\u00e7\u00e3o.<\/p>\n<\/div><\/div>","protected":false},"excerpt":{"rendered":"<p>Neste game voc\u00ea poder\u00e1 conhecer nosso espa\u00e7o em uma r\u00e9plica 3D e interagir com a gente. Escondemos tamb\u00e9m alguns segredos no cen\u00e1rio, ser\u00e1 que voc\u00ea descobre quais s\u00e3o? Aten\u00e7\u00e3o usu\u00e1rios de Mac Na vers\u00e3o mais recente do sistema operacional (Big Sur), existe um bug que impede a Unity de executar no Chrome, este bug \u00e9 [&hellip;]<\/p>\n","protected":false},"author":2,"featured_media":0,"parent":0,"menu_order":0,"comment_status":"closed","ping_status":"closed","template":"page-the-office.php","meta":{"_acf_changed":false,"footnotes":""},"class_list":["post-563","page","type-page","status-publish","hentry"],"acf":[],"aioseo_notices":[],"yoast_head":"<!-- This site is optimized with the Yoast SEO plugin v27.5 - https:\/\/yoast.com\/product\/yoast-seo-wordpress\/ -->\n<title>The Office Game - Envolve Labs<\/title>\n<meta name=\"robots\" content=\"index, follow, max-snippet:-1, max-image-preview:large, max-video-preview:-1\" \/>\n<link rel=\"canonical\" href=\"https:\/\/envolvelabs.com\/en\/the-office-game\/\" \/>\n<meta property=\"og:locale\" content=\"en_US\" \/>\n<meta property=\"og:type\" content=\"article\" \/>\n<meta property=\"og:title\" content=\"The Office Game - Envolve Labs\" \/>\n<meta property=\"og:description\" content=\"Neste game voc\u00ea poder\u00e1 conhecer nosso espa\u00e7o em uma r\u00e9plica 3D e interagir com a gente. Escondemos tamb\u00e9m alguns segredos no cen\u00e1rio, ser\u00e1 que voc\u00ea descobre quais s\u00e3o? Aten\u00e7\u00e3o usu\u00e1rios de Mac Na vers\u00e3o mais recente do sistema operacional (Big Sur), existe um bug que impede a Unity de executar no Chrome, este bug \u00e9 [&hellip;]\" \/>\n<meta property=\"og:url\" content=\"https:\/\/envolvelabs.com\/en\/the-office-game\/\" \/>\n<meta property=\"og:site_name\" content=\"Envolve Labs\" \/>\n<meta property=\"article:modified_time\" content=\"2021-02-19T13:50:06+00:00\" \/>\n<meta name=\"twitter:card\" content=\"summary_large_image\" \/>\n<script type=\"application\/ld+json\" class=\"yoast-schema-graph\">{\"@context\":\"https:\\\/\\\/schema.org\",\"@graph\":[{\"@type\":\"WebPage\",\"@id\":\"https:\\\/\\\/envolvelabs.com\\\/the-office-game\\\/\",\"url\":\"https:\\\/\\\/envolvelabs.com\\\/the-office-game\\\/\",\"name\":\"The Office Game - Envolve Labs\",\"isPartOf\":{\"@id\":\"https:\\\/\\\/envolvelabs.com\\\/#website\"},\"datePublished\":\"2021-02-08T12:16:16+00:00\",\"dateModified\":\"2021-02-19T13:50:06+00:00\",\"breadcrumb\":{\"@id\":\"https:\\\/\\\/envolvelabs.com\\\/the-office-game\\\/#breadcrumb\"},\"inLanguage\":\"en-US\",\"potentialAction\":[{\"@type\":\"ReadAction\",\"target\":[\"https:\\\/\\\/envolvelabs.com\\\/the-office-game\\\/\"]}]},{\"@type\":\"BreadcrumbList\",\"@id\":\"https:\\\/\\\/envolvelabs.com\\\/the-office-game\\\/#breadcrumb\",\"itemListElement\":[{\"@type\":\"ListItem\",\"position\":1,\"name\":\"In\u00edcio\",\"item\":\"https:\\\/\\\/envolvelabs.com\\\/\"},{\"@type\":\"ListItem\",\"position\":2,\"name\":\"The Office Game\"}]},{\"@type\":\"WebSite\",\"@id\":\"https:\\\/\\\/envolvelabs.com\\\/#website\",\"url\":\"https:\\\/\\\/envolvelabs.com\\\/\",\"name\":\"Envolve Labs\",\"description\":\"Desenvolvimento de sistemas, aplicativos e websites em Joinville\",\"publisher\":{\"@id\":\"https:\\\/\\\/envolvelabs.com\\\/#organization\"},\"potentialAction\":[{\"@type\":\"SearchAction\",\"target\":{\"@type\":\"EntryPoint\",\"urlTemplate\":\"https:\\\/\\\/envolvelabs.com\\\/?s={search_term_string}\"},\"query-input\":{\"@type\":\"PropertyValueSpecification\",\"valueRequired\":true,\"valueName\":\"search_term_string\"}}],\"inLanguage\":\"en-US\"},{\"@type\":\"Organization\",\"@id\":\"https:\\\/\\\/envolvelabs.com\\\/#organization\",\"name\":\"Envolve Labs - Desenvolvimento de software\",\"url\":\"https:\\\/\\\/envolvelabs.com\\\/\",\"logo\":{\"@type\":\"ImageObject\",\"inLanguage\":\"en-US\",\"@id\":\"https:\\\/\\\/envolvelabs.com\\\/#\\\/schema\\\/logo\\\/image\\\/\",\"url\":\"https:\\\/\\\/envolvelabs.com\\\/wp-content\\\/uploads\\\/2021\\\/01\\\/envolvelabs-desenvolvimento-produtos-digitais-websites-wordpress.png\",\"contentUrl\":\"https:\\\/\\\/envolvelabs.com\\\/wp-content\\\/uploads\\\/2021\\\/01\\\/envolvelabs-desenvolvimento-produtos-digitais-websites-wordpress.png\",\"width\":452,\"height\":68,\"caption\":\"Envolve Labs - Desenvolvimento de software\"},\"image\":{\"@id\":\"https:\\\/\\\/envolvelabs.com\\\/#\\\/schema\\\/logo\\\/image\\\/\"}}]}<\/script>\n<!-- \/ Yoast SEO plugin. -->","yoast_head_json":{"title":"The Office Game - Envolve Labs","robots":{"index":"index","follow":"follow","max-snippet":"max-snippet:-1","max-image-preview":"max-image-preview:large","max-video-preview":"max-video-preview:-1"},"canonical":"https:\/\/envolvelabs.com\/en\/the-office-game\/","og_locale":"en_US","og_type":"article","og_title":"The Office Game - Envolve Labs","og_description":"Neste game voc\u00ea poder\u00e1 conhecer nosso espa\u00e7o em uma r\u00e9plica 3D e interagir com a gente. Escondemos tamb\u00e9m alguns segredos no cen\u00e1rio, ser\u00e1 que voc\u00ea descobre quais s\u00e3o? Aten\u00e7\u00e3o usu\u00e1rios de Mac Na vers\u00e3o mais recente do sistema operacional (Big Sur), existe um bug que impede a Unity de executar no Chrome, este bug \u00e9 [&hellip;]","og_url":"https:\/\/envolvelabs.com\/en\/the-office-game\/","og_site_name":"Envolve Labs","article_modified_time":"2021-02-19T13:50:06+00:00","twitter_card":"summary_large_image","schema":{"@context":"https:\/\/schema.org","@graph":[{"@type":"WebPage","@id":"https:\/\/envolvelabs.com\/the-office-game\/","url":"https:\/\/envolvelabs.com\/the-office-game\/","name":"The Office Game - Envolve Labs","isPartOf":{"@id":"https:\/\/envolvelabs.com\/#website"},"datePublished":"2021-02-08T12:16:16+00:00","dateModified":"2021-02-19T13:50:06+00:00","breadcrumb":{"@id":"https:\/\/envolvelabs.com\/the-office-game\/#breadcrumb"},"inLanguage":"en-US","potentialAction":[{"@type":"ReadAction","target":["https:\/\/envolvelabs.com\/the-office-game\/"]}]},{"@type":"BreadcrumbList","@id":"https:\/\/envolvelabs.com\/the-office-game\/#breadcrumb","itemListElement":[{"@type":"ListItem","position":1,"name":"In\u00edcio","item":"https:\/\/envolvelabs.com\/"},{"@type":"ListItem","position":2,"name":"The Office Game"}]},{"@type":"WebSite","@id":"https:\/\/envolvelabs.com\/#website","url":"https:\/\/envolvelabs.com\/","name":"Envolve Labs","description":"Desenvolvimento de sistemas, aplicativos e websites em Joinville","publisher":{"@id":"https:\/\/envolvelabs.com\/#organization"},"potentialAction":[{"@type":"SearchAction","target":{"@type":"EntryPoint","urlTemplate":"https:\/\/envolvelabs.com\/?s={search_term_string}"},"query-input":{"@type":"PropertyValueSpecification","valueRequired":true,"valueName":"search_term_string"}}],"inLanguage":"en-US"},{"@type":"Organization","@id":"https:\/\/envolvelabs.com\/#organization","name":"Envolve Labs - Desenvolvimento de software","url":"https:\/\/envolvelabs.com\/","logo":{"@type":"ImageObject","inLanguage":"en-US","@id":"https:\/\/envolvelabs.com\/#\/schema\/logo\/image\/","url":"https:\/\/envolvelabs.com\/wp-content\/uploads\/2021\/01\/envolvelabs-desenvolvimento-produtos-digitais-websites-wordpress.png","contentUrl":"https:\/\/envolvelabs.com\/wp-content\/uploads\/2021\/01\/envolvelabs-desenvolvimento-produtos-digitais-websites-wordpress.png","width":452,"height":68,"caption":"Envolve Labs - Desenvolvimento de software"},"image":{"@id":"https:\/\/envolvelabs.com\/#\/schema\/logo\/image\/"}}]}},"jetpack-related-posts":[{"id":1674,"url":"https:\/\/envolvelabs.com\/en\/interativos-3d\/","url_meta":{"origin":563,"position":0},"title":"Interativos 3D","author":"Darvin Silveira","date":"January 20, 2022","format":false,"excerpt":"Entregue uma experi\u00eancia \u00fanica ao seu cliente, gerando mais engajamento e neg\u00f3cios atrav\u00e9s das experi\u00eancias em 3DCriamos uma experi\u00eancia virtual interativa, que surpreende e promove um contato quase realista das pessoas com o que voc\u00ea quiser. Quero conhecer POTENCIALIZE A RELA\u00c7\u00c3OCLIENTE-EMPRESAAnunciado em 2021, o metaverso se tornar\u00e1 a nova experi\u00eancia\u2026","rel":"","context":"","block_context":{"text":"Similar post","link":""},"img":{"alt_text":"","src":"https:\/\/i0.wp.com\/envolvelabs.com\/wp-content\/uploads\/2022\/01\/logo-envolve-1.png?resize=786%2C245&ssl=1","width":786,"height":245},"classes":[]},{"id":448,"url":"https:\/\/envolvelabs.com\/en\/resgate-cupom-the-office-game\/","url_meta":{"origin":563,"position":1},"title":"Resgate cupom The Office Game","author":"Darvin Silveira","date":"February 3, 2021","format":false,"excerpt":"Preencha seus dados abaixo para resgatar seu cupom:","rel":"","context":"","block_context":{"text":"Similar post","link":""},"img":{"alt_text":"","src":"","width":0,"height":0},"classes":[]},{"id":40,"url":"https:\/\/envolvelabs.com\/en\/o-que-fazemos\/desenvolvimento-de-experiencias-em-3d\/","url_meta":{"origin":563,"position":2},"title":"Desenvolvimento de experi\u00eancias em 3D","author":"admin","date":"January 4, 2021","format":false,"excerpt":"Desenvolvimento de experi\u00eancias em 3D Entregue novas experi\u00eancias para o seu p\u00fablico utilizando aplica\u00e7\u00f5es ou sites com recursos e efeitos em 3D. Desde experi\u00eancias completas como games corporativos, at\u00e9 galerias e simuladores online, as possibilidades s\u00e3o muitas podendo levar aos seus clientes a imers\u00e3o que faltava para para o seu\u2026","rel":"","context":"","block_context":{"text":"Similar post","link":""},"img":{"alt_text":"","src":"https:\/\/i0.wp.com\/envolvelabs.com\/wp-content\/uploads\/2021\/02\/desenvolvimento-games-e-solucoes-em-3d.png?resize=786%2C245&ssl=1","width":786,"height":245,"srcset":"https:\/\/i0.wp.com\/envolvelabs.com\/wp-content\/uploads\/2021\/02\/desenvolvimento-games-e-solucoes-em-3d.png?resize=786%2C245&ssl=1 1x, https:\/\/i0.wp.com\/envolvelabs.com\/wp-content\/uploads\/2021\/02\/desenvolvimento-games-e-solucoes-em-3d.png?resize=1179%2C367&ssl=1 1.5x"},"classes":[]},{"id":3,"url":"https:\/\/envolvelabs.com\/en\/politica-privacidade\/","url_meta":{"origin":563,"position":3},"title":"Pol\u00edtica de privacidade","author":"admin","date":"January 4, 2021","format":false,"excerpt":"Quem somos O endere\u00e7o do nosso site \u00e9: https:\/\/envolvelabs.com. Quais dados pessoais coletamos e porque Coment\u00e1rios Quando os visitantes deixam coment\u00e1rios no site, coletamos os dados mostrados no formul\u00e1rio de coment\u00e1rios, al\u00e9m do endere\u00e7o de IP e de dados do navegador do visitante, para auxiliar na detec\u00e7\u00e3o de spam. Uma\u2026","rel":"","context":"","block_context":{"text":"Similar post","link":""},"img":{"alt_text":"","src":"","width":0,"height":0},"classes":[]},{"id":1320,"url":"https:\/\/envolvelabs.com\/en\/clubinho-dos-bes\/politica-de-privacidade\/","url_meta":{"origin":563,"position":4},"title":"Pol\u00edtica de privacidade","author":"Darvin Silveira","date":"September 16, 2021","format":false,"excerpt":"Criamos nossos aplicativos infantis de maneira a respeitar a privacidade, identidade e seguran\u00e7a das crian\u00e7as. Por isso, limitamos a coleta de informa\u00e7\u00f5es de uso de nossos aplicativos. A Envolve Labs se compromete a resguardar e preservar o respeito que tem para com seus usu\u00e1rios e visitantes. Quaisquer altera\u00e7\u00f5es em nossas\u2026","rel":"","context":"","block_context":{"text":"Similar post","link":""},"img":{"alt_text":"","src":"","width":0,"height":0},"classes":[]},{"id":1319,"url":"https:\/\/envolvelabs.com\/en\/clubinho-dos-bes\/termos-de-uso\/","url_meta":{"origin":563,"position":5},"title":"Termos de uso","author":"Darvin Silveira","date":"September 16, 2021","format":false,"excerpt":"Por favor leia os Termos de Uso atentamente antes de usar o Envolve Labs App (\"Servi\u00e7o\") gerenciado por Envolve Labs Solu\u00e7\u00f5es Digitais Ltda. (\"Envolve Labs\"). O uso e acesso ao app implicam a sua aceita\u00e7\u00e3o dos termos de uso e concord\u00e2ncia com os mesmos. A n\u00e3o aceita\u00e7\u00e3o ou viola\u00e7\u00e3o dos\u2026","rel":"","context":"","block_context":{"text":"Similar post","link":""},"img":{"alt_text":"","src":"","width":0,"height":0},"classes":[]}],"jetpack_sharing_enabled":true,"_links":{"self":[{"href":"https:\/\/envolvelabs.com\/en\/wp-json\/wp\/v2\/pages\/563","targetHints":{"allow":["GET"]}}],"collection":[{"href":"https:\/\/envolvelabs.com\/en\/wp-json\/wp\/v2\/pages"}],"about":[{"href":"https:\/\/envolvelabs.com\/en\/wp-json\/wp\/v2\/types\/page"}],"author":[{"embeddable":true,"href":"https:\/\/envolvelabs.com\/en\/wp-json\/wp\/v2\/users\/2"}],"replies":[{"embeddable":true,"href":"https:\/\/envolvelabs.com\/en\/wp-json\/wp\/v2\/comments?post=563"}],"version-history":[{"count":0,"href":"https:\/\/envolvelabs.com\/en\/wp-json\/wp\/v2\/pages\/563\/revisions"}],"wp:attachment":[{"href":"https:\/\/envolvelabs.com\/en\/wp-json\/wp\/v2\/media?parent=563"}],"curies":[{"name":"wp","href":"https:\/\/api.w.org\/{rel}","templated":true}]}}